{"id":2,"date":"2021-05-24T12:47:49","date_gmt":"2021-05-24T12:47:49","guid":{"rendered":"http:\/\/www.otanmaenapteekki.net\/blog\/?page_id=2"},"modified":"2021-08-30T10:30:47","modified_gmt":"2021-08-30T10:30:47","slug":"palvelut","status":"publish","type":"page","link":"https:\/\/www.otanmaenapteekki.net\/blog\/palvelut\/","title":{"rendered":"Palvelut"},"content":{"rendered":"\t\t<div data-elementor-type=\"wp-page\" data-elementor-id=\"2\" class=\"elementor elementor-2\">\n\t\t\t\t\t\t\t\t\t<section class=\"elementor-section elementor-top-section elementor-element elementor-element-489047a6 elementor-section-boxed elementor-section-height-default elementor-section-height-default\" data-id=\"489047a6\" data-element_type=\"section\">\n\t\t\t\t\t\t<div class=\"elementor-container elementor-column-gap-default\">\n\t\t\t\t\t<div class=\"elementor-column elementor-col-100 elementor-top-column elementor-element elementor-element-ad1d53e\" data-id=\"ad1d53e\" data-element_type=\"column\">\n\t\t\t<div class=\"elementor-widget-wrap elementor-element-populated\">\n\t\t\t\t\t\t\t\t<section class=\"elementor-section elementor-inner-section elementor-element elementor-element-ed063d4 elementor-section-boxed elementor-section-height-default elementor-section-height-default\" data-id=\"ed063d4\" data-element_type=\"section\">\n\t\t\t\t\t\t<div class=\"elementor-container elementor-column-gap-default\">\n\t\t\t\t\t<div class=\"elementor-column elementor-col-50 elementor-inner-column elementor-element elementor-element-0a01122\" data-id=\"0a01122\" data-element_type=\"column\">\n\t\t\t<div class=\"elementor-widget-wrap elementor-element-populated\">\n\t\t\t\t\t\t\t\t<div class=\"elementor-element elementor-element-5aaa51a elementor-widget elementor-widget-text-editor\" data-id=\"5aaa51a\" data-element_type=\"widget\" data-widget_type=\"text-editor.default\">\n\t\t\t\t<div class=\"elementor-widget-container\">\n\t\t\t\t\t\t\t<h2>\u00a0<\/h2><h2><img fetchpriority=\"high\" decoding=\"async\" class=\"wp-image-1028 size-medium aligncenter\" src=\"http:\/\/www.otanmaenapteekki.net\/blog\/wp-content\/uploads\/2021\/06\/IMG_20210604_150817-300x225.jpg\" alt=\"\" width=\"300\" height=\"225\" srcset=\"https:\/\/www.otanmaenapteekki.net\/blog\/wp-content\/uploads\/2021\/06\/IMG_20210604_150817-300x225.jpg 300w, https:\/\/www.otanmaenapteekki.net\/blog\/wp-content\/uploads\/2021\/06\/IMG_20210604_150817-600x450.jpg 600w, https:\/\/www.otanmaenapteekki.net\/blog\/wp-content\/uploads\/2021\/06\/IMG_20210604_150817-1024x768.jpg 1024w, https:\/\/www.otanmaenapteekki.net\/blog\/wp-content\/uploads\/2021\/06\/IMG_20210604_150817-768x576.jpg 768w, https:\/\/www.otanmaenapteekki.net\/blog\/wp-content\/uploads\/2021\/06\/IMG_20210604_150817-1536x1152.jpg 1536w, https:\/\/www.otanmaenapteekki.net\/blog\/wp-content\/uploads\/2021\/06\/IMG_20210604_150817-1140x855.jpg 1140w, https:\/\/www.otanmaenapteekki.net\/blog\/wp-content\/uploads\/2021\/06\/IMG_20210604_150817.jpg 2000w\" sizes=\"(max-width: 300px) 100vw, 300px\" \/><\/h2><h2>Reseptil\u00e4\u00e4kkeet<\/h2><p>Meilt\u00e4 voit noutaa sinulle m\u00e4\u00e4r\u00e4tyt reseptil\u00e4\u00e4kkeet esitt\u00e4m\u00e4ll\u00e4 potilasohjeen tai Kela-kortin. Tarjoamme l\u00e4\u00e4keneuvontaa l\u00e4\u00e4kehoitosi tueksi ja pyydett\u00e4ess\u00e4 l\u00e4het\u00e4mme vanhentuneet reseptit uusittaviksi.<\/p><p>Muistathan ottaa Kela-kortin mukaan apteekkik\u00e4ynnillesi.<\/p>\t\t\t\t\t\t<\/div>\n\t\t\t\t<\/div>\n\t\t\t\t\t<\/div>\n\t\t<\/div>\n\t\t\t\t<div class=\"elementor-column elementor-col-50 elementor-inner-column elementor-element elementor-element-76f5adf\" data-id=\"76f5adf\" data-element_type=\"column\">\n\t\t\t<div class=\"elementor-widget-wrap elementor-element-populated\">\n\t\t\t\t\t\t\t\t<div class=\"elementor-element elementor-element-eb149fc elementor-widget elementor-widget-text-editor\" data-id=\"eb149fc\" data-element_type=\"widget\" data-widget_type=\"text-editor.default\">\n\t\t\t\t<div class=\"elementor-widget-container\">\n\t\t\t\t\t\t\t<h2>\u00a0<\/h2><p><img decoding=\"async\" class=\"wp-image-1017 size-medium aligncenter\" src=\"http:\/\/www.otanmaenapteekki.net\/blog\/wp-content\/uploads\/2020\/06\/IMG_20210604_152337-300x225.jpg\" alt=\"\" width=\"300\" height=\"225\" srcset=\"https:\/\/www.otanmaenapteekki.net\/blog\/wp-content\/uploads\/2020\/06\/IMG_20210604_152337-300x225.jpg 300w, https:\/\/www.otanmaenapteekki.net\/blog\/wp-content\/uploads\/2020\/06\/IMG_20210604_152337-600x450.jpg 600w, https:\/\/www.otanmaenapteekki.net\/blog\/wp-content\/uploads\/2020\/06\/IMG_20210604_152337-1024x768.jpg 1024w, https:\/\/www.otanmaenapteekki.net\/blog\/wp-content\/uploads\/2020\/06\/IMG_20210604_152337-768x576.jpg 768w, https:\/\/www.otanmaenapteekki.net\/blog\/wp-content\/uploads\/2020\/06\/IMG_20210604_152337-1536x1152.jpg 1536w, https:\/\/www.otanmaenapteekki.net\/blog\/wp-content\/uploads\/2020\/06\/IMG_20210604_152337-2048x1536.jpg 2048w, https:\/\/www.otanmaenapteekki.net\/blog\/wp-content\/uploads\/2020\/06\/IMG_20210604_152337-1140x855.jpg 1140w\" sizes=\"(max-width: 300px) 100vw, 300px\" \/><\/p><h2>Itsehoitovalmisteet<\/h2><p>Apteekistamme l\u00f6yd\u00e4t laajan valikoiman itsehoitol\u00e4\u00e4kkeit\u00e4 sek\u00e4 muita terveytt\u00e4 ja hyvinvointia edist\u00e4vi\u00e4 valmisteita. Jos tarvitsemaasi tuotetta ei l\u00f6ydy hyllyst\u00e4mme, voimme tilata sen sinulle tukkusaatavuuden salliessa.<\/p><p>Kysyth\u00e4n tarvittaessa apua farmaseuttiselta henkil\u00f6kunnaltamme, autamme mielell\u00e4mme.<\/p>\t\t\t\t\t\t<\/div>\n\t\t\t\t<\/div>\n\t\t\t\t\t<\/div>\n\t\t<\/div>\n\t\t\t\t\t\t\t<\/div>\n\t\t<\/section>\n\t\t\t\t\t<\/div>\n\t\t<\/div>\n\t\t\t\t\t\t\t<\/div>\n\t\t<\/section>\n\t\t\t\t<section class=\"elementor-section elementor-top-section elementor-element elementor-element-cfe6b09 elementor-section-boxed elementor-section-height-default elementor-section-height-default\" data-id=\"cfe6b09\" data-element_type=\"section\">\n\t\t\t\t\t\t<div class=\"elementor-container elementor-column-gap-default\">\n\t\t\t\t\t<div class=\"elementor-column elementor-col-100 elementor-top-column elementor-element elementor-element-8706c1f\" data-id=\"8706c1f\" data-element_type=\"column\">\n\t\t\t<div class=\"elementor-widget-wrap elementor-element-populated\">\n\t\t\t\t\t\t\t\t<section class=\"elementor-section elementor-inner-section elementor-element elementor-element-669395c elementor-section-boxed elementor-section-height-default elementor-section-height-default\" data-id=\"669395c\" data-element_type=\"section\">\n\t\t\t\t\t\t<div class=\"elementor-container elementor-column-gap-default\">\n\t\t\t\t\t<div class=\"elementor-column elementor-col-50 elementor-inner-column elementor-element elementor-element-f17a26c\" data-id=\"f17a26c\" data-element_type=\"column\">\n\t\t\t<div class=\"elementor-widget-wrap elementor-element-populated\">\n\t\t\t\t\t\t\t\t<div class=\"elementor-element elementor-element-ee7d088 elementor-widget elementor-widget-text-editor\" data-id=\"ee7d088\" data-element_type=\"widget\" data-widget_type=\"text-editor.default\">\n\t\t\t\t<div class=\"elementor-widget-container\">\n\t\t\t\t\t\t\t<h2>\u00a0<\/h2><p><img decoding=\"async\" class=\"alignnone wp-image-1259 size-medium\" src=\"http:\/\/www.otanmaenapteekki.net\/blog\/wp-content\/uploads\/2021\/07\/Postaus-laakitysturvallisuus-teksti-painamalla-i-kuvaketta-300x300.jpg\" alt=\"\" width=\"300\" height=\"300\" srcset=\"https:\/\/www.otanmaenapteekki.net\/blog\/wp-content\/uploads\/2021\/07\/Postaus-laakitysturvallisuus-teksti-painamalla-i-kuvaketta-300x300.jpg 300w, https:\/\/www.otanmaenapteekki.net\/blog\/wp-content\/uploads\/2021\/07\/Postaus-laakitysturvallisuus-teksti-painamalla-i-kuvaketta-150x150.jpg 150w, https:\/\/www.otanmaenapteekki.net\/blog\/wp-content\/uploads\/2021\/07\/Postaus-laakitysturvallisuus-teksti-painamalla-i-kuvaketta-768x768.jpg 768w, https:\/\/www.otanmaenapteekki.net\/blog\/wp-content\/uploads\/2021\/07\/Postaus-laakitysturvallisuus-teksti-painamalla-i-kuvaketta-600x600.jpg 600w, https:\/\/www.otanmaenapteekki.net\/blog\/wp-content\/uploads\/2021\/07\/Postaus-laakitysturvallisuus-teksti-painamalla-i-kuvaketta-100x100.jpg 100w, https:\/\/www.otanmaenapteekki.net\/blog\/wp-content\/uploads\/2021\/07\/Postaus-laakitysturvallisuus-teksti-painamalla-i-kuvaketta.jpg 1000w\" sizes=\"(max-width: 300px) 100vw, 300px\" \/><\/p><h2>Annosjakelu<\/h2><p>L\u00e4\u00e4kkeiden koneellinen annosjakelu on palvelu, jossa apteekki toimittaa s\u00e4\u00e4nn\u00f6llisesti k\u00e4ytett\u00e4v\u00e4t tabletit ja kapselit pakattuina kerta-annospusseihin kahdeksi viikoksi kerrallaan. Annosjakelupussien mukana toimitamme asiakkaalle ajan tasalla olevan l\u00e4\u00e4kityskortin.<\/p><p>L\u00e4\u00e4kkeiden koneellinen annosjakelu parantaa l\u00e4\u00e4keturvallisuutta, edist\u00e4\u00e4 l\u00e4\u00e4kehoidon onnistumista ja s\u00e4\u00e4st\u00e4\u00e4 l\u00e4\u00e4kekuluissa.\u00a0 Annosjakelupalvelu sopii henkil\u00f6ille, joilla on esim. runsaasti l\u00e4\u00e4kkeit\u00e4 jatkuvassa k\u00e4yt\u00f6ss\u00e4 tai ongelmia l\u00e4\u00e4kkeiden p\u00e4ivitt\u00e4isess\u00e4 annostelussa.<\/p><p>Kysy lis\u00e4\u00e4 apteekista!<\/p>\t\t\t\t\t\t<\/div>\n\t\t\t\t<\/div>\n\t\t\t\t\t<\/div>\n\t\t<\/div>\n\t\t\t\t<div class=\"elementor-column elementor-col-50 elementor-inner-column elementor-element elementor-element-6f19f88\" data-id=\"6f19f88\" data-element_type=\"column\">\n\t\t\t<div class=\"elementor-widget-wrap elementor-element-populated\">\n\t\t\t\t\t\t\t\t<div class=\"elementor-element elementor-element-2adfd4d elementor-widget elementor-widget-text-editor\" data-id=\"2adfd4d\" data-element_type=\"widget\" data-widget_type=\"text-editor.default\">\n\t\t\t\t<div class=\"elementor-widget-container\">\n\t\t\t\t\t\t\t<h2>\u00a0<\/h2><p><img loading=\"lazy\" decoding=\"async\" class=\"wp-image-1025 size-medium aligncenter\" src=\"http:\/\/www.otanmaenapteekki.net\/blog\/wp-content\/uploads\/2021\/06\/IMG_20210621_133328-300x225.jpg\" alt=\"\" width=\"300\" height=\"225\" srcset=\"https:\/\/www.otanmaenapteekki.net\/blog\/wp-content\/uploads\/2021\/06\/IMG_20210621_133328-300x225.jpg 300w, https:\/\/www.otanmaenapteekki.net\/blog\/wp-content\/uploads\/2021\/06\/IMG_20210621_133328-scaled-600x450.jpg 600w, https:\/\/www.otanmaenapteekki.net\/blog\/wp-content\/uploads\/2021\/06\/IMG_20210621_133328-1024x768.jpg 1024w, https:\/\/www.otanmaenapteekki.net\/blog\/wp-content\/uploads\/2021\/06\/IMG_20210621_133328-768x576.jpg 768w, https:\/\/www.otanmaenapteekki.net\/blog\/wp-content\/uploads\/2021\/06\/IMG_20210621_133328-1536x1152.jpg 1536w, https:\/\/www.otanmaenapteekki.net\/blog\/wp-content\/uploads\/2021\/06\/IMG_20210621_133328-2048x1536.jpg 2048w, https:\/\/www.otanmaenapteekki.net\/blog\/wp-content\/uploads\/2021\/06\/IMG_20210621_133328-1140x855.jpg 1140w\" sizes=\"(max-width: 300px) 100vw, 300px\" \/><\/p><h2>L\u00e4\u00e4kej\u00e4tteet<\/h2><p>Otamme vastaan k\u00e4ytt\u00e4m\u00e4tt\u00e4 j\u00e4\u00e4neet sek\u00e4 vanhentuneet l\u00e4\u00e4kkeet ja toimitamme ne eteenp\u00e4in poltettaviksi.<\/p><p><span style=\"text-decoration: underline;\">Ohjeet l\u00e4\u00e4kej\u00e4tteen lajittelemiseksi:<\/span><\/p><p>Poista ulkopakkaus sek\u00e4 reseptil\u00e4\u00e4kkeen ohjelippu ja laita l\u00e4\u00e4kkeet l\u00e4pin\u00e4kyv\u00e4\u00e4n pussiin.<\/p><p>Palauta nestem\u00e4iset l\u00e4\u00e4kkeet alkuper\u00e4isess\u00e4 pakkauksessaan erillisess\u00e4 pussissa.<\/p><p>Palauta muista l\u00e4\u00e4kej\u00e4tteist\u00e4 erill\u00e4\u00e4n jodia sis\u00e4lt\u00e4v\u00e4t l\u00e4\u00e4kkeet alkuper\u00e4ispakkauksissaan, elohopeakuumemittarit, sek\u00e4 ruiskut ja neulat pakattuna l\u00e4p\u00e4isem\u00e4tt\u00f6m\u00e4\u00e4n muovipulloon tai muuhun tiiviiseen astiaan.<\/p>\t\t\t\t\t\t<\/div>\n\t\t\t\t<\/div>\n\t\t\t\t\t<\/div>\n\t\t<\/div>\n\t\t\t\t\t\t\t<\/div>\n\t\t<\/section>\n\t\t\t\t\t<\/div>\n\t\t<\/div>\n\t\t\t\t\t\t\t<\/div>\n\t\t<\/section>\n\t\t\t\t\t\t\t<\/div>\n\t\t","protected":false},"excerpt":{"rendered":"<p>\u00a0 Reseptil\u00e4\u00e4kkeet Meilt\u00e4 voit noutaa sinulle m\u00e4\u00e4r\u00e4tyt reseptil\u00e4\u00e4kkeet esitt\u00e4m\u00e4ll\u00e4 potilasohjeen tai Kela-kortin. Tarjoamme l\u00e4\u00e4keneuvontaa l\u00e4\u00e4kehoitosi tueksi ja pyydett\u00e4ess\u00e4 l\u00e4het\u00e4mme vanhentuneet reseptit uusittaviksi. Muistathan ottaa Kela-kortin mukaan apteekkik\u00e4ynnillesi. \u00a0 Itsehoitovalmisteet Apteekistamme l\u00f6yd\u00e4t laajan valikoiman itsehoitol\u00e4\u00e4kkeit\u00e4 sek\u00e4 muita terveytt\u00e4 ja hyvinvointia edist\u00e4vi\u00e4 valmisteita. Jos tarvitsemaasi tuotetta ei l\u00f6ydy hyllyst\u00e4mme, voimme tilata sen sinulle tukkusaatavuuden salliessa. Kysyth\u00e4n tarvittaessa [&hellip;]<\/p>\n","protected":false},"author":1,"featured_media":0,"parent":0,"menu_order":0,"comment_status":"closed","ping_status":"open","template":"","meta":{"_themeisle_gutenberg_block_has_review":false,"footnotes":""},"_links":{"self":[{"href":"https:\/\/www.otanmaenapteekki.net\/blog\/wp-json\/wp\/v2\/pages\/2"}],"collection":[{"href":"https:\/\/www.otanmaenapteekki.net\/blog\/wp-json\/wp\/v2\/pages"}],"about":[{"href":"https:\/\/www.otanmaenapteekki.net\/blog\/wp-json\/wp\/v2\/types\/page"}],"author":[{"embeddable":true,"href":"https:\/\/www.otanmaenapteekki.net\/blog\/wp-json\/wp\/v2\/users\/1"}],"replies":[{"embeddable":true,"href":"https:\/\/www.otanmaenapteekki.net\/blog\/wp-json\/wp\/v2\/comments?post=2"}],"version-history":[{"count":67,"href":"https:\/\/www.otanmaenapteekki.net\/blog\/wp-json\/wp\/v2\/pages\/2\/revisions"}],"predecessor-version":[{"id":1334,"href":"https:\/\/www.otanmaenapteekki.net\/blog\/wp-json\/wp\/v2\/pages\/2\/revisions\/1334"}],"wp:attachment":[{"href":"https:\/\/www.otanmaenapteekki.net\/blog\/wp-json\/wp\/v2\/media?parent=2"}],"curies":[{"name":"wp","href":"https:\/\/api.w.org\/{rel}","templated":true}]}}