{"id":807,"date":"2020-11-09T12:32:08","date_gmt":"2020-11-09T12:32:08","guid":{"rendered":"https:\/\/demosites.io\/makeup-gb\/?page_id=6"},"modified":"2023-08-25T06:15:47","modified_gmt":"2023-08-25T06:15:47","slug":"cbca1-home","status":"publish","type":"page","link":"https:\/\/www.otanmaenapteekki.net\/blog\/","title":{"rendered":""},"content":{"rendered":"\t\t<div data-elementor-type=\"wp-page\" data-elementor-id=\"807\" class=\"elementor elementor-807\">\n\t\t\t\t\t\t\t\t\t<section class=\"elementor-section elementor-top-section elementor-element elementor-element-612101e elementor-section-boxed elementor-section-height-default elementor-section-height-default\" data-id=\"612101e\" data-element_type=\"section\">\n\t\t\t\t\t\t<div class=\"elementor-container elementor-column-gap-default\">\n\t\t\t\t\t<div class=\"elementor-column elementor-col-50 elementor-top-column elementor-element elementor-element-bec9798\" data-id=\"bec9798\" data-element_type=\"column\">\n\t\t\t<div class=\"elementor-widget-wrap elementor-element-populated\">\n\t\t\t\t\t\t\t\t<div class=\"elementor-element elementor-element-c748226 elementor-widget elementor-widget-text-editor\" data-id=\"c748226\" data-element_type=\"widget\" data-widget_type=\"text-editor.default\">\n\t\t\t\t<div class=\"elementor-widget-container\">\n\t\t\t\t\t\t\t<h2>Otanm\u00e4en apteekki<\/h2><h4>Avoinna ma-pe 9 &#8211; 17<\/h4><h5>Katso yhteystiedot <a href=\"http:\/\/www.otanmaenapteekki.net\/blog\/otanmaenapteekki\/\">t\u00e4st\u00e4<\/a><\/h5><h5>tai soita 044 500 6160.<\/h5>\t\t\t\t\t\t<\/div>\n\t\t\t\t<\/div>\n\t\t\t\t\t<\/div>\n\t\t<\/div>\n\t\t\t\t<div class=\"elementor-column elementor-col-50 elementor-top-column elementor-element elementor-element-64cf8ee\" data-id=\"64cf8ee\" data-element_type=\"column\">\n\t\t\t<div class=\"elementor-widget-wrap elementor-element-populated\">\n\t\t\t\t\t\t\t\t<div class=\"elementor-element elementor-element-8dc4d35 elementor-widget elementor-widget-text-editor\" data-id=\"8dc4d35\" data-element_type=\"widget\" data-widget_type=\"text-editor.default\">\n\t\t\t\t<div class=\"elementor-widget-container\">\n\t\t\t\t\t\t\t<h2>Vuolijoen sivuapteekki<\/h2><h4>Avoinna ma-pe 9 &#8211; 16<\/h4><h5>Katso yhteystiedot <a href=\"http:\/\/www.otanmaenapteekki.net\/blog\/vuolijoensivuapteekki\/\">t\u00e4st\u00e4<\/a><\/h5><h5>tai soita 0400 169 480.<\/h5>\t\t\t\t\t\t<\/div>\n\t\t\t\t<\/div>\n\t\t\t\t\t<\/div>\n\t\t<\/div>\n\t\t\t\t\t\t\t<\/div>\n\t\t<\/section>\n\t\t\t\t<section class=\"elementor-section elementor-top-section elementor-element elementor-element-aeb47c1 elementor-section-boxed elementor-section-height-default elementor-section-height-default\" data-id=\"aeb47c1\" data-element_type=\"section\">\n\t\t\t\t\t\t<div class=\"elementor-container elementor-column-gap-default\">\n\t\t\t\t\t<div class=\"elementor-column elementor-col-100 elementor-top-column elementor-element elementor-element-34ac039\" data-id=\"34ac039\" data-element_type=\"column\">\n\t\t\t<div class=\"elementor-widget-wrap elementor-element-populated\">\n\t\t\t\t\t\t\t\t<div class=\"elementor-element elementor-element-ca35a0a elementor-widget elementor-widget-wp-widget-rss\" data-id=\"ca35a0a\" data-element_type=\"widget\" data-widget_type=\"wp-widget-rss.default\">\n\t\t\t\t<div class=\"elementor-widget-container\">\n\t\t\t<h5><a class=\"rsswidget rss-widget-feed\" href=\"https:\/\/www.apteekki.fi\/terveydeksi\/uutiset.rss\"><img decoding=\"async\" class=\"rss-widget-icon\" style=\"border:0\" width=\"14\" height=\"14\" src=\"https:\/\/www.otanmaenapteekki.net\/blog\/wp-includes\/images\/rss.png\" alt=\"RSS\" \/><\/a> <a class=\"rsswidget rss-widget-title\" href=\"https:\/\/www.apteekki.fi\/\">Ajankohtaista Terveydeksi-lehdess\u00e4:<\/a><\/h5><ul><li><a class='rsswidget' href='https:\/\/www.apteekki.fi\/'>Tatuoinnit mahdollisesti yhteydess\u00e4 melanoomariskiin<\/a><div class=\"rssSummary\">Ruotsalaistutkimuksen mukaan tatuointeja ottaneet saattavat sairastua melanooma-ihosy\u00f6p\u00e4\u00e4n muita todenn\u00e4k\u00f6isemmin. T\u00e4m\u00e4 johtuu todenn\u00e4k\u00f6isesti tatuointimusteiden v\u00e4riaineista, joista osa voi altistaa sy\u00f6v\u00e4lle.<\/div><\/li><li><a class='rsswidget' href='https:\/\/www.apteekki.fi\/'>Ibuprofeeni paras kipul\u00e4\u00e4ke lapsen ven\u00e4hdyksiin ja murtumiin<\/a><div class=\"rssSummary\">Tuoreen tutkimuksen mukaan ibuprofeeni yksist\u00e4\u00e4n on paras apu lasten haavereiden hoitoon. Opioidien tai parasetamolin lis\u00e4\u00e4misell\u00e4 ei saada lis\u00e4hy\u00f6ty\u00e4 kivunlievitykseen.<\/div><\/li><li><a class='rsswidget' href='https:\/\/www.apteekki.fi\/'>Ty\u00f6per\u00e4inen altistus yleinen astman aiheuttaja<\/a><div class=\"rssSummary\">Pitk\u00e4\u00e4n kest\u00e4v\u00e4 ty\u00f6per\u00e4inen altistuminen esimerkiksi kemikaaleille tai puup\u00f6lylle voi aiheuttaa l\u00e4hes viidenneksen aikuisten astmoista.<\/div><\/li><li><a class='rsswidget' href='https:\/\/www.apteekki.fi\/'>Kylm\u00e4 s\u00e4\u00e4 riski syd\u00e4men vajaatoiminnasta k\u00e4rsiville<\/a><div class=\"rssSummary\">Syd\u00e4men vajaatoimintaa sairastavien kuolleisuus n\u00e4ytt\u00e4isi suurentuvan p\u00e4ivin\u00e4, jotka ovat vuodenaikaan n\u00e4hden poikkeuksellisen kylmi\u00e4. Sama ilmi\u00f6 on havaittavissa my\u00f6s kovilla helteill\u00e4.<\/div><\/li><\/ul>\t\t<\/div>\n\t\t\t\t<\/div>\n\t\t\t\t\t<\/div>\n\t\t<\/div>\n\t\t\t\t\t\t\t<\/div>\n\t\t<\/section>\n\t\t\t\t<section class=\"elementor-section elementor-top-section elementor-element elementor-element-258e2f0 elementor-section-boxed elementor-section-height-default elementor-section-height-default\" data-id=\"258e2f0\" data-element_type=\"section\">\n\t\t\t\t\t\t<div class=\"elementor-container elementor-column-gap-default\">\n\t\t\t\t\t<div class=\"elementor-column elementor-col-33 elementor-top-column elementor-element elementor-element-6030876\" data-id=\"6030876\" data-element_type=\"column\">\n\t\t\t<div class=\"elementor-widget-wrap elementor-element-populated\">\n\t\t\t\t\t\t\t\t<div class=\"elementor-element elementor-element-6bbaa00 elementor-widget elementor-widget-text-editor\" data-id=\"6bbaa00\" data-element_type=\"widget\" data-widget_type=\"text-editor.default\">\n\t\t\t\t<div class=\"elementor-widget-container\">\n\t\t\t\t\t\t\t<h3>Seuraa meit\u00e4 Facebookissa:<\/h3>\t\t\t\t\t\t<\/div>\n\t\t\t\t<\/div>\n\t\t\t\t\t<\/div>\n\t\t<\/div>\n\t\t\t\t<div class=\"elementor-column elementor-col-33 elementor-top-column elementor-element elementor-element-b5783ed\" data-id=\"b5783ed\" data-element_type=\"column\">\n\t\t\t<div class=\"elementor-widget-wrap elementor-element-populated\">\n\t\t\t\t\t\t\t\t<div class=\"elementor-element elementor-element-7c426fb elementor-view-default elementor-widget elementor-widget-icon\" data-id=\"7c426fb\" data-element_type=\"widget\" data-widget_type=\"icon.default\">\n\t\t\t\t<div class=\"elementor-widget-container\">\n\t\t\t\t\t<div class=\"elementor-icon-wrapper\">\n\t\t\t<a class=\"elementor-icon elementor-animation-shrink\" href=\"https:\/\/www.facebook.com\/Otanm%C3%A4en-apteekki-465452226961368\">\n\t\t\t<i aria-hidden=\"true\" class=\"fab fa-facebook-square\"><\/i>\t\t\t<\/a>\n\t\t<\/div>\n\t\t\t\t<\/div>\n\t\t\t\t<\/div>\n\t\t\t\t\t<\/div>\n\t\t<\/div>\n\t\t\t\t<div class=\"elementor-column elementor-col-33 elementor-top-column elementor-element elementor-element-be644ba\" data-id=\"be644ba\" data-element_type=\"column\">\n\t\t\t<div class=\"elementor-widget-wrap elementor-element-populated\">\n\t\t\t\t\t\t\t\t<div class=\"elementor-element elementor-element-14b28ec elementor-widget elementor-widget-image\" data-id=\"14b28ec\" data-element_type=\"widget\" data-widget_type=\"image.default\">\n\t\t\t\t<div class=\"elementor-widget-container\">\n\t\t\t\t\t\t\t\t\t\t\t\t\t\t\t<img fetchpriority=\"high\" decoding=\"async\" width=\"900\" height=\"230\" src=\"https:\/\/www.otanmaenapteekki.net\/blog\/wp-content\/uploads\/2021\/05\/Screenshot_2021-05-24-Apteekki_liikemerkki_vaaka_lupaus_FI_RGB-apteekki_logo_vaaka_lupaus_fi_rgb-pdf-1024x262.png\" class=\"attachment-large size-large wp-image-37\" alt=\"\" srcset=\"https:\/\/www.otanmaenapteekki.net\/blog\/wp-content\/uploads\/2021\/05\/Screenshot_2021-05-24-Apteekki_liikemerkki_vaaka_lupaus_FI_RGB-apteekki_logo_vaaka_lupaus_fi_rgb-pdf-1024x262.png 1024w, https:\/\/www.otanmaenapteekki.net\/blog\/wp-content\/uploads\/2021\/05\/Screenshot_2021-05-24-Apteekki_liikemerkki_vaaka_lupaus_FI_RGB-apteekki_logo_vaaka_lupaus_fi_rgb-pdf-600x153.png 600w, https:\/\/www.otanmaenapteekki.net\/blog\/wp-content\/uploads\/2021\/05\/Screenshot_2021-05-24-Apteekki_liikemerkki_vaaka_lupaus_FI_RGB-apteekki_logo_vaaka_lupaus_fi_rgb-pdf-300x77.png 300w, https:\/\/www.otanmaenapteekki.net\/blog\/wp-content\/uploads\/2021\/05\/Screenshot_2021-05-24-Apteekki_liikemerkki_vaaka_lupaus_FI_RGB-apteekki_logo_vaaka_lupaus_fi_rgb-pdf-768x196.png 768w, https:\/\/www.otanmaenapteekki.net\/blog\/wp-content\/uploads\/2021\/05\/Screenshot_2021-05-24-Apteekki_liikemerkki_vaaka_lupaus_FI_RGB-apteekki_logo_vaaka_lupaus_fi_rgb-pdf.png 1240w\" sizes=\"(max-width: 900px) 100vw, 900px\" \/>\t\t\t\t\t\t\t\t\t\t\t\t\t\t\t<\/div>\n\t\t\t\t<\/div>\n\t\t\t\t\t<\/div>\n\t\t<\/div>\n\t\t\t\t\t\t\t<\/div>\n\t\t<\/section>\n\t\t\t\t\t\t\t<\/div>\n\t\t","protected":false},"excerpt":{"rendered":"<p>Otanm\u00e4en apteekki Avoinna ma-pe 9 &#8211; 17 Katso yhteystiedot t\u00e4st\u00e4 tai soita 044 500 6160. Vuolijoen sivuapteekki Avoinna ma-pe 9 &#8211; 16 Katso yhteystiedot t\u00e4st\u00e4 tai soita 0400 169 480. Seuraa meit\u00e4 Facebookissa:<\/p>\n","protected":false},"author":1,"featured_media":0,"parent":0,"menu_order":0,"comment_status":"closed","ping_status":"closed","template":"","meta":{"_themeisle_gutenberg_block_has_review":false,"footnotes":""},"_links":{"self":[{"href":"https:\/\/www.otanmaenapteekki.net\/blog\/wp-json\/wp\/v2\/pages\/807"}],"collection":[{"href":"https:\/\/www.otanmaenapteekki.net\/blog\/wp-json\/wp\/v2\/pages"}],"about":[{"href":"https:\/\/www.otanmaenapteekki.net\/blog\/wp-json\/wp\/v2\/types\/page"}],"author":[{"embeddable":true,"href":"https:\/\/www.otanmaenapteekki.net\/blog\/wp-json\/wp\/v2\/users\/1"}],"replies":[{"embeddable":true,"href":"https:\/\/www.otanmaenapteekki.net\/blog\/wp-json\/wp\/v2\/comments?post=807"}],"version-history":[{"count":96,"href":"https:\/\/www.otanmaenapteekki.net\/blog\/wp-json\/wp\/v2\/pages\/807\/revisions"}],"predecessor-version":[{"id":1344,"href":"https:\/\/www.otanmaenapteekki.net\/blog\/wp-json\/wp\/v2\/pages\/807\/revisions\/1344"}],"wp:attachment":[{"href":"https:\/\/www.otanmaenapteekki.net\/blog\/wp-json\/wp\/v2\/media?parent=807"}],"curies":[{"name":"wp","href":"https:\/\/api.w.org\/{rel}","templated":true}]}}